{"id":17,"date":"2022-09-08T12:31:10","date_gmt":"2022-09-08T12:31:10","guid":{"rendered":"https:\/\/gscompetizione.com\/?page_id=17"},"modified":"2022-11-05T23:43:52","modified_gmt":"2022-11-05T23:43:52","slug":"eventos-2","status":"publish","type":"page","link":"https:\/\/gscompetizione.com\/?page_id=17","title":{"rendered":"Eventos"},"content":{"rendered":"\t\t<div data-elementor-type=\"wp-page\" data-elementor-id=\"17\" class=\"elementor elementor-17\">\n\t\t\t\t\t\t<section class=\"elementor-section elementor-top-section elementor-element elementor-element-85cba30 elementor-section-full_width elementor-section-height-default elementor-section-height-default\" data-id=\"85cba30\" data-element_type=\"section\">\n\t\t\t\t\t\t<div class=\"elementor-container elementor-column-gap-default\">\n\t\t\t\t\t<div class=\"elementor-column elementor-col-100 elementor-top-column elementor-element elementor-element-e56d96a\" data-id=\"e56d96a\" data-element_type=\"column\">\n\t\t\t<div class=\"elementor-widget-wrap elementor-element-populated\">\n\t\t\t\t\t\t<div class=\"elementor-element elementor-element-089c14e elementor-widget elementor-widget-heading\" data-id=\"089c14e\" data-element_type=\"widget\" data-widget_type=\"heading.default\">\n\t\t\t\t<div class=\"elementor-widget-container\">\n\t\t\t<h2 class=\"elementor-heading-title elementor-size-default\">Eventos<\/h2>\t\t<\/div>\n\t\t\t\t<\/div>\n\t\t\t\t<div class=\"elementor-element elementor-element-d4ad50e elementor-widget elementor-widget-image\" data-id=\"d4ad50e\" data-element_type=\"widget\" data-widget_type=\"image.default\">\n\t\t\t\t<div class=\"elementor-widget-container\">\n\t\t\t\t\t\t\t\t\t\t\t\t\t<img fetchpriority=\"high\" decoding=\"async\" width=\"2048\" height=\"1050\" src=\"https:\/\/gscompetizione.com\/wp-content\/uploads\/2022\/09\/20210830_123358-2048x1050.jpg\" class=\"attachment-2048x2048 size-2048x2048 wp-image-686\" alt=\"\" srcset=\"https:\/\/gscompetizione.com\/wp-content\/uploads\/2022\/09\/20210830_123358-2048x1050.jpg 2048w, https:\/\/gscompetizione.com\/wp-content\/uploads\/2022\/09\/20210830_123358-300x154.jpg 300w, https:\/\/gscompetizione.com\/wp-content\/uploads\/2022\/09\/20210830_123358-1024x525.jpg 1024w, https:\/\/gscompetizione.com\/wp-content\/uploads\/2022\/09\/20210830_123358-768x394.jpg 768w, https:\/\/gscompetizione.com\/wp-content\/uploads\/2022\/09\/20210830_123358-1536x787.jpg 1536w\" sizes=\"(max-width: 2048px) 100vw, 2048px\" \/>\t\t\t\t\t\t\t\t\t\t\t\t\t<\/div>\n\t\t\t\t<\/div>\n\t\t\t\t\t<\/div>\n\t\t<\/div>\n\t\t\t\t\t<\/div>\n\t\t<\/section>\n\t\t\t\t<section class=\"elementor-section elementor-top-section elementor-element elementor-element-4480d54 elementor-section-boxed elementor-section-height-default elementor-section-height-default\" data-id=\"4480d54\" data-element_type=\"section\">\n\t\t\t\t\t\t<div class=\"elementor-container elementor-column-gap-default\">\n\t\t\t\t\t<div class=\"elementor-column elementor-col-100 elementor-top-column elementor-element elementor-element-07487bb\" data-id=\"07487bb\" data-element_type=\"column\">\n\t\t\t<div class=\"elementor-widget-wrap elementor-element-populated\">\n\t\t\t\t\t\t<div class=\"elementor-element elementor-element-c625ad0 elementor-widget elementor-widget-spacer\" data-id=\"c625ad0\" data-element_type=\"widget\" data-widget_type=\"spacer.default\">\n\t\t\t\t<div class=\"elementor-widget-container\">\n\t\t\t\t\t<div class=\"elementor-spacer\">\n\t\t\t<div class=\"elementor-spacer-inner\"><\/div>\n\t\t<\/div>\n\t\t\t\t<\/div>\n\t\t\t\t<\/div>\n\t\t\t\t<div class=\"elementor-element elementor-element-4c28eae elementor-widget elementor-widget-text-editor\" data-id=\"4c28eae\" data-element_type=\"widget\" data-widget_type=\"text-editor.default\">\n\t\t\t\t<div class=\"elementor-widget-container\">\n\t\t\t\t\t\t\t<p>Desde empresas de telecomunica\u00e7\u00f5es, passando por feiras de gaming internacionais at\u00e9 pilotos de velocidade e rally, os nossos simuladores j\u00e1 marcaram presen\u00e7a na maioria dos eventos organizados em Portugal.\u00a0<\/p><p>A presen\u00e7a de um simulador complementa e enaltece qualquer tipo de evento, pois proporciona um ambiente de divers\u00e3o e ao mesmo tempo de competi\u00e7\u00e3o, onde toda a gente pode experimentar e desfrutar o melhor que a simula\u00e7\u00e3o tem para oferecer.<\/p>\t\t\t\t\t\t<\/div>\n\t\t\t\t<\/div>\n\t\t\t\t<div class=\"elementor-element elementor-element-1d0e881 elementor-align-center elementor-widget elementor-widget-button\" data-id=\"1d0e881\" data-element_type=\"widget\" data-widget_type=\"button.default\">\n\t\t\t\t<div class=\"elementor-widget-container\">\n\t\t\t\t\t<div class=\"elementor-button-wrapper\">\n\t\t\t<a class=\"elementor-button elementor-button-link elementor-size-sm\" href=\"https:\/\/gscompetizione.com\/?page_id=578\">\n\t\t\t\t\t\t<span class=\"elementor-button-content-wrapper\">\n\t\t\t\t\t\t\t\t\t<span class=\"elementor-button-text\">Solicite um or\u00e7amento <\/span>\n\t\t\t\t\t<\/span>\n\t\t\t\t\t<\/a>\n\t\t<\/div>\n\t\t\t\t<\/div>\n\t\t\t\t<\/div>\n\t\t\t\t\t<\/div>\n\t\t<\/div>\n\t\t\t\t\t<\/div>\n\t\t<\/section>\n\t\t\t\t<section class=\"elementor-section elementor-top-section elementor-element elementor-element-8c716bd elementor-section-boxed elementor-section-height-default elementor-section-height-default\" data-id=\"8c716bd\" data-element_type=\"section\">\n\t\t\t\t\t\t<div class=\"elementor-container elementor-column-gap-default\">\n\t\t\t\t\t<div class=\"elementor-column elementor-col-100 elementor-top-column elementor-element elementor-element-9f97cf2\" data-id=\"9f97cf2\" data-element_type=\"column\">\n\t\t\t<div class=\"elementor-widget-wrap elementor-element-populated\">\n\t\t\t\t\t\t<div class=\"elementor-element elementor-element-bf666b6 elementor-widget elementor-widget-spacer\" data-id=\"bf666b6\" data-element_type=\"widget\" data-widget_type=\"spacer.default\">\n\t\t\t\t<div class=\"elementor-widget-container\">\n\t\t\t\t\t<div class=\"elementor-spacer\">\n\t\t\t<div class=\"elementor-spacer-inner\"><\/div>\n\t\t<\/div>\n\t\t\t\t<\/div>\n\t\t\t\t<\/div>\n\t\t\t\t<div class=\"elementor-element elementor-element-f8f2814 elementor-widget elementor-widget-heading\" data-id=\"f8f2814\" data-element_type=\"widget\" data-widget_type=\"heading.default\">\n\t\t\t\t<div class=\"elementor-widget-container\">\n\t\t\t<h2 class=\"elementor-heading-title elementor-size-default\">Os nossos eventos passados<\/h2>\t\t<\/div>\n\t\t\t\t<\/div>\n\t\t\t\t\t<\/div>\n\t\t<\/div>\n\t\t\t\t\t<\/div>\n\t\t<\/section>\n\t\t\t\t<section class=\"elementor-section elementor-top-section elementor-element elementor-element-7a01f46 elementor-section-content-middle elementor-section-boxed elementor-section-height-default elementor-section-height-default\" data-id=\"7a01f46\" data-element_type=\"section\">\n\t\t\t\t\t\t<div class=\"elementor-container elementor-column-gap-no\">\n\t\t\t\t\t<div class=\"elementor-column elementor-col-100 elementor-top-column elementor-element elementor-element-5759573c\" data-id=\"5759573c\" data-element_type=\"column\">\n\t\t\t<div class=\"elementor-widget-wrap elementor-element-populated\">\n\t\t\t\t\t\t<div class=\"elementor-element elementor-element-796cf703 gallery-spacing-custom elementor-widget elementor-widget-image-gallery\" data-id=\"796cf703\" data-element_type=\"widget\" data-widget_type=\"image-gallery.default\">\n\t\t\t\t<div class=\"elementor-widget-container\">\n\t\t\t\t\t<div class=\"elementor-image-gallery\">\n\t\t\t<div id='gallery-1' class='gallery galleryid-17 gallery-columns-3 gallery-size-full'><figure class='gallery-item'>\n\t\t\t<div class='gallery-icon landscape'>\n\t\t\t\t<a data-elementor-open-lightbox=\"yes\" data-elementor-lightbox-slideshow=\"796cf703\" data-elementor-lightbox-title=\"18765576_1586848534679407_1755980108319371945_n\" data-e-action-hash=\"#elementor-action%3Aaction%3Dlightbox%26settings%3DeyJpZCI6NzA0LCJ1cmwiOiJodHRwczpcL1wvZ3Njb21wZXRpemlvbmUuY29tXC93cC1jb250ZW50XC91cGxvYWRzXC8yMDIyXC8wOVwvMTg3NjU1NzZfMTU4Njg0ODUzNDY3OTQwN18xNzU1OTgwMTA4MzE5MzcxOTQ1X24uanBnIiwic2xpZGVzaG93IjoiNzk2Y2Y3MDMifQ%3D%3D\" href='https:\/\/gscompetizione.com\/wp-content\/uploads\/2022\/09\/18765576_1586848534679407_1755980108319371945_n.jpg'><img decoding=\"async\" width=\"960\" height=\"720\" src=\"https:\/\/gscompetizione.com\/wp-content\/uploads\/2022\/09\/18765576_1586848534679407_1755980108319371945_n.jpg\" class=\"attachment-full size-full\" alt=\"\" srcset=\"https:\/\/gscompetizione.com\/wp-content\/uploads\/2022\/09\/18765576_1586848534679407_1755980108319371945_n.jpg 960w, https:\/\/gscompetizione.com\/wp-content\/uploads\/2022\/09\/18765576_1586848534679407_1755980108319371945_n-300x225.jpg 300w, https:\/\/gscompetizione.com\/wp-content\/uploads\/2022\/09\/18765576_1586848534679407_1755980108319371945_n-768x576.jpg 768w\" sizes=\"(max-width: 960px) 100vw, 960px\" \/><\/a>\n\t\t\t<\/div><\/figure><figure class='gallery-item'>\n\t\t\t<div class='gallery-icon landscape'>\n\t\t\t\t<a data-elementor-open-lightbox=\"yes\" data-elementor-lightbox-slideshow=\"796cf703\" data-elementor-lightbox-title=\"20190710_151114\" data-e-action-hash=\"#elementor-action%3Aaction%3Dlightbox%26settings%3DeyJpZCI6NzA1LCJ1cmwiOiJodHRwczpcL1wvZ3Njb21wZXRpemlvbmUuY29tXC93cC1jb250ZW50XC91cGxvYWRzXC8yMDIyXC8wOVwvMjAxOTA3MTBfMTUxMTE0LXNjYWxlZC5qcGciLCJzbGlkZXNob3ciOiI3OTZjZjcwMyJ9\" href='https:\/\/gscompetizione.com\/wp-content\/uploads\/2022\/09\/20190710_151114-scaled.jpg'><img decoding=\"async\" width=\"2560\" height=\"1244\" src=\"https:\/\/gscompetizione.com\/wp-content\/uploads\/2022\/09\/20190710_151114-scaled.jpg\" class=\"attachment-full size-full\" alt=\"\" srcset=\"https:\/\/gscompetizione.com\/wp-content\/uploads\/2022\/09\/20190710_151114-scaled.jpg 2560w, https:\/\/gscompetizione.com\/wp-content\/uploads\/2022\/09\/20190710_151114-300x146.jpg 300w, https:\/\/gscompetizione.com\/wp-content\/uploads\/2022\/09\/20190710_151114-1024x498.jpg 1024w, https:\/\/gscompetizione.com\/wp-content\/uploads\/2022\/09\/20190710_151114-768x373.jpg 768w, https:\/\/gscompetizione.com\/wp-content\/uploads\/2022\/09\/20190710_151114-1536x747.jpg 1536w, https:\/\/gscompetizione.com\/wp-content\/uploads\/2022\/09\/20190710_151114-2048x996.jpg 2048w\" sizes=\"(max-width: 2560px) 100vw, 2560px\" \/><\/a>\n\t\t\t<\/div><\/figure><figure class='gallery-item'>\n\t\t\t<div class='gallery-icon landscape'>\n\t\t\t\t<a data-elementor-open-lightbox=\"yes\" data-elementor-lightbox-slideshow=\"796cf703\" data-elementor-lightbox-title=\"KF5D9061\" data-e-action-hash=\"#elementor-action%3Aaction%3Dlightbox%26settings%3DeyJpZCI6NzA2LCJ1cmwiOiJodHRwczpcL1wvZ3Njb21wZXRpemlvbmUuY29tXC93cC1jb250ZW50XC91cGxvYWRzXC8yMDIyXC8wOVwvS0Y1RDkwNjEtc2NhbGVkLmpwZyIsInNsaWRlc2hvdyI6Ijc5NmNmNzAzIn0%3D\" href='https:\/\/gscompetizione.com\/wp-content\/uploads\/2022\/09\/KF5D9061-scaled.jpg'><img loading=\"lazy\" decoding=\"async\" width=\"2560\" height=\"1247\" src=\"https:\/\/gscompetizione.com\/wp-content\/uploads\/2022\/09\/KF5D9061-scaled.jpg\" class=\"attachment-full size-full\" alt=\"\" srcset=\"https:\/\/gscompetizione.com\/wp-content\/uploads\/2022\/09\/KF5D9061-scaled.jpg 2560w, https:\/\/gscompetizione.com\/wp-content\/uploads\/2022\/09\/KF5D9061-300x146.jpg 300w, https:\/\/gscompetizione.com\/wp-content\/uploads\/2022\/09\/KF5D9061-1024x499.jpg 1024w, https:\/\/gscompetizione.com\/wp-content\/uploads\/2022\/09\/KF5D9061-768x374.jpg 768w, https:\/\/gscompetizione.com\/wp-content\/uploads\/2022\/09\/KF5D9061-1536x748.jpg 1536w, https:\/\/gscompetizione.com\/wp-content\/uploads\/2022\/09\/KF5D9061-2048x997.jpg 2048w\" sizes=\"(max-width: 2560px) 100vw, 2560px\" \/><\/a>\n\t\t\t<\/div><\/figure><figure class='gallery-item'>\n\t\t\t<div class='gallery-icon landscape'>\n\t\t\t\t<a data-elementor-open-lightbox=\"yes\" data-elementor-lightbox-slideshow=\"796cf703\" data-elementor-lightbox-title=\"Taca SCCS SimRacing21625252201962 - Co\u0301pia\" data-e-action-hash=\"#elementor-action%3Aaction%3Dlightbox%26settings%3DeyJpZCI6NzA3LCJ1cmwiOiJodHRwczpcL1wvZ3Njb21wZXRpemlvbmUuY29tXC93cC1jb250ZW50XC91cGxvYWRzXC8yMDIyXC8wOVwvVGFjYS1TQ0NTLVNpbVJhY2luZzIxNjI1MjUyMjAxOTYyLUNvXHUwMzAxcGlhLmpwZyIsInNsaWRlc2hvdyI6Ijc5NmNmNzAzIn0%3D\" href='https:\/\/gscompetizione.com\/wp-content\/uploads\/2022\/09\/Taca-SCCS-SimRacing21625252201962-Co\u0301pia.jpg'><img loading=\"lazy\" decoding=\"async\" width=\"2048\" height=\"1521\" src=\"https:\/\/gscompetizione.com\/wp-content\/uploads\/2022\/09\/Taca-SCCS-SimRacing21625252201962-Co\u0301pia.jpg\" class=\"attachment-full size-full\" alt=\"\" srcset=\"https:\/\/gscompetizione.com\/wp-content\/uploads\/2022\/09\/Taca-SCCS-SimRacing21625252201962-Co\u0301pia.jpg 2048w, https:\/\/gscompetizione.com\/wp-content\/uploads\/2022\/09\/Taca-SCCS-SimRacing21625252201962-Co\u0301pia-300x223.jpg 300w, https:\/\/gscompetizione.com\/wp-content\/uploads\/2022\/09\/Taca-SCCS-SimRacing21625252201962-Co\u0301pia-1024x761.jpg 1024w, https:\/\/gscompetizione.com\/wp-content\/uploads\/2022\/09\/Taca-SCCS-SimRacing21625252201962-Co\u0301pia-768x570.jpg 768w, https:\/\/gscompetizione.com\/wp-content\/uploads\/2022\/09\/Taca-SCCS-SimRacing21625252201962-Co\u0301pia-1536x1141.jpg 1536w\" sizes=\"(max-width: 2048px) 100vw, 2048px\" \/><\/a>\n\t\t\t<\/div><\/figure><figure class='gallery-item'>\n\t\t\t<div class='gallery-icon landscape'>\n\t\t\t\t<a data-elementor-open-lightbox=\"yes\" data-elementor-lightbox-slideshow=\"796cf703\" data-elementor-lightbox-title=\"18920543_1600054670025460_5838633459701765102_n\" data-e-action-hash=\"#elementor-action%3Aaction%3Dlightbox%26settings%3DeyJpZCI6NzA4LCJ1cmwiOiJodHRwczpcL1wvZ3Njb21wZXRpemlvbmUuY29tXC93cC1jb250ZW50XC91cGxvYWRzXC8yMDIyXC8wOVwvMTg5MjA1NDNfMTYwMDA1NDY3MDAyNTQ2MF81ODM4NjMzNDU5NzAxNzY1MTAyX24uanBnIiwic2xpZGVzaG93IjoiNzk2Y2Y3MDMifQ%3D%3D\" href='https:\/\/gscompetizione.com\/wp-content\/uploads\/2022\/09\/18920543_1600054670025460_5838633459701765102_n.jpg'><img loading=\"lazy\" decoding=\"async\" width=\"960\" height=\"720\" src=\"https:\/\/gscompetizione.com\/wp-content\/uploads\/2022\/09\/18920543_1600054670025460_5838633459701765102_n.jpg\" class=\"attachment-full size-full\" alt=\"\" srcset=\"https:\/\/gscompetizione.com\/wp-content\/uploads\/2022\/09\/18920543_1600054670025460_5838633459701765102_n.jpg 960w, https:\/\/gscompetizione.com\/wp-content\/uploads\/2022\/09\/18920543_1600054670025460_5838633459701765102_n-300x225.jpg 300w, https:\/\/gscompetizione.com\/wp-content\/uploads\/2022\/09\/18920543_1600054670025460_5838633459701765102_n-768x576.jpg 768w\" sizes=\"(max-width: 960px) 100vw, 960px\" \/><\/a>\n\t\t\t<\/div><\/figure><figure class='gallery-item'>\n\t\t\t<div class='gallery-icon landscape'>\n\t\t\t\t<a data-elementor-open-lightbox=\"yes\" data-elementor-lightbox-slideshow=\"796cf703\" data-elementor-lightbox-title=\"FB_IMG_1501360244949\" data-e-action-hash=\"#elementor-action%3Aaction%3Dlightbox%26settings%3DeyJpZCI6NzA5LCJ1cmwiOiJodHRwczpcL1wvZ3Njb21wZXRpemlvbmUuY29tXC93cC1jb250ZW50XC91cGxvYWRzXC8yMDIyXC8wOVwvRkJfSU1HXzE1MDEzNjAyNDQ5NDkuanBnIiwic2xpZGVzaG93IjoiNzk2Y2Y3MDMifQ%3D%3D\" href='https:\/\/gscompetizione.com\/wp-content\/uploads\/2022\/09\/FB_IMG_1501360244949.jpg'><img loading=\"lazy\" decoding=\"async\" width=\"1280\" height=\"960\" src=\"https:\/\/gscompetizione.com\/wp-content\/uploads\/2022\/09\/FB_IMG_1501360244949.jpg\" class=\"attachment-full size-full\" alt=\"\" srcset=\"https:\/\/gscompetizione.com\/wp-content\/uploads\/2022\/09\/FB_IMG_1501360244949.jpg 1280w, https:\/\/gscompetizione.com\/wp-content\/uploads\/2022\/09\/FB_IMG_1501360244949-300x225.jpg 300w, https:\/\/gscompetizione.com\/wp-content\/uploads\/2022\/09\/FB_IMG_1501360244949-1024x768.jpg 1024w, https:\/\/gscompetizione.com\/wp-content\/uploads\/2022\/09\/FB_IMG_1501360244949-768x576.jpg 768w\" sizes=\"(max-width: 1280px) 100vw, 1280px\" \/><\/a>\n\t\t\t<\/div><\/figure>\n\t\t<\/div>\n\t\t<\/div>\n\t\t\t\t<\/div>\n\t\t\t\t<\/div>\n\t\t\t\t\t<\/div>\n\t\t<\/div>\n\t\t\t\t\t<\/div>\n\t\t<\/section>\n\t\t\t\t<\/div>\n\t\t","protected":false},"excerpt":{"rendered":"<p>Eventos Desde empresas de telecomunica\u00e7\u00f5es, passando por feiras de gaming internacionais at\u00e9 pilotos de velocidade e rally, os nossos simuladores j\u00e1 marcaram presen\u00e7a na maioria dos eventos organizados em Portugal.\u00a0 A presen\u00e7a de um simulador complementa e enaltece qualquer tipo de evento, pois proporciona um ambiente de divers\u00e3o e ao mesmo tempo de competi\u00e7\u00e3o, onde [&hellip;]<\/p>\n","protected":false},"author":4,"featured_media":0,"parent":0,"menu_order":0,"comment_status":"closed","ping_status":"closed","template":"","meta":{"site-sidebar-layout":"no-sidebar","site-content-layout":"page-builder","ast-site-content-layout":"","site-content-style":"default","site-sidebar-style":"default","ast-global-header-display":"","ast-banner-title-visibility":"","ast-main-header-display":"","ast-hfb-above-header-display":"","ast-hfb-below-header-display":"","ast-hfb-mobile-header-display":"","site-post-title":"disabled","ast-breadcrumbs-content":"","ast-featured-img":"disabled","footer-sml-layout":"","theme-transparent-header-meta":"","adv-header-id-meta":"","stick-header-meta":"","header-above-stick-meta":"","header-main-stick-meta":"","header-below-stick-meta":"","astra-migrate-meta-layouts":"default","ast-page-background-enabled":"default","ast-page-background-meta":{"desktop":{"background-color":"","background-image":"","background-repeat":"repeat","background-position":"center center","background-size":"auto","background-attachment":"scroll","background-type":"","background-media":"","overlay-type":"","overlay-color":"","overlay-opacity":"","overlay-gradient":""},"tablet":{"background-color":"","background-image":"","background-repeat":"repeat","background-position":"center center","background-size":"auto","background-attachment":"scroll","background-type":"","background-media":"","overlay-type":"","overlay-color":"","overlay-opacity":"","overlay-gradient":""},"mobile":{"background-color":"","background-image":"","background-repeat":"repeat","background-position":"center center","background-size":"auto","background-attachment":"scroll","background-type":"","background-media":"","overlay-type":"","overlay-color":"","overlay-opacity":"","overlay-gradient":""}},"ast-content-background-meta":{"desktop":{"background-color":"var(--ast-global-color-5)","background-image":"","background-repeat":"repeat","background-position":"center center","background-size":"auto","background-attachment":"scroll","background-type":"","background-media":"","overlay-type":"","overlay-color":"","overlay-opacity":"","overlay-gradient":""},"tablet":{"background-color":"var(--ast-global-color-5)","background-image":"","background-repeat":"repeat","background-position":"center center","background-size":"auto","background-attachment":"scroll","background-type":"","background-media":"","overlay-type":"","overlay-color":"","overlay-opacity":"","overlay-gradient":""},"mobile":{"background-color":"var(--ast-global-color-5)","background-image":"","background-repeat":"repeat","background-position":"center center","background-size":"auto","background-attachment":"scroll","background-type":"","background-media":"","overlay-type":"","overlay-color":"","overlay-opacity":"","overlay-gradient":""}},"footnotes":""},"class_list":["post-17","page","type-page","status-publish","hentry"],"_links":{"self":[{"href":"https:\/\/gscompetizione.com\/index.php?rest_route=\/wp\/v2\/pages\/17","targetHints":{"allow":["GET"]}}],"collection":[{"href":"https:\/\/gscompetizione.com\/index.php?rest_route=\/wp\/v2\/pages"}],"about":[{"href":"https:\/\/gscompetizione.com\/index.php?rest_route=\/wp\/v2\/types\/page"}],"author":[{"embeddable":true,"href":"https:\/\/gscompetizione.com\/index.php?rest_route=\/wp\/v2\/users\/4"}],"replies":[{"embeddable":true,"href":"https:\/\/gscompetizione.com\/index.php?rest_route=%2Fwp%2Fv2%2Fcomments&post=17"}],"version-history":[{"count":20,"href":"https:\/\/gscompetizione.com\/index.php?rest_route=\/wp\/v2\/pages\/17\/revisions"}],"predecessor-version":[{"id":865,"href":"https:\/\/gscompetizione.com\/index.php?rest_route=\/wp\/v2\/pages\/17\/revisions\/865"}],"wp:attachment":[{"href":"https:\/\/gscompetizione.com\/index.php?rest_route=%2Fwp%2Fv2%2Fmedia&parent=17"}],"curies":[{"name":"wp","href":"https:\/\/api.w.org\/{rel}","templated":true}]}}